{"id":98,"date":"2017-07-10T19:41:50","date_gmt":"2017-07-10T17:41:50","guid":{"rendered":"http:\/\/www.footsall.fr\/?page_id=98"},"modified":"2025-03-13T07:48:51","modified_gmt":"2025-03-13T06:48:51","slug":"comment-nous-rejoindre","status":"publish","type":"page","link":"https:\/\/www.footsall.fr\/index.php\/comment-nous-rejoindre\/","title":{"rendered":"Adresse de notre complexe"},"content":{"rendered":"<p><a href=\"https:\/\/www.google.fr\/maps\/place\/Footsall+pernes-les-fontaines\/@44.0227743,5.0481883,15z\/data=!4m5!3m4!1s0x0:0x783dd0e86e730517!8m2!3d44.0227743!4d5.0481883\" target=\"_blank\" rel=\"noopener\"><img loading=\"lazy\" decoding=\"async\" class=\"alignnone wp-image-102 size-medium\" src=\"http:\/\/www.footsall.fr\/wp-content\/uploads\/2017\/07\/plan-300x191.png\" alt=\"\" width=\"300\" height=\"191\" srcset=\"https:\/\/www.footsall.fr\/wp-content\/uploads\/2017\/07\/plan-300x191.png 300w, https:\/\/www.footsall.fr\/wp-content\/uploads\/2017\/07\/plan-768x489.png 768w, https:\/\/www.footsall.fr\/wp-content\/uploads\/2017\/07\/plan-1024x652.png 1024w, https:\/\/www.footsall.fr\/wp-content\/uploads\/2017\/07\/plan.png 1073w\" sizes=\"auto, (max-width: 300px) 100vw, 300px\" \/><\/a><\/p>\n<p>FOOTSALL est situ\u00e9 \u00e0 la sortie de Carpentras en direction de Pernes (150 m apr\u00e8s le restaurant VITO \u00e0 droite)<\/p>\n<p>242 all\u00e9e de Provence<\/p>\n<p>ZA La Prato II, route de Carpentras<\/p>\n<p>84210 Pernes Les Fontaines<\/p>\n<p>tel 06 61 21 55 44<\/p>\n<p>&nbsp;<\/p>\n","protected":false},"excerpt":{"rendered":"<p>FOOTSALL est situ\u00e9 \u00e0 la sortie de Carpentras en direction de Pernes (150 m apr\u00e8s le restaurant VITO \u00e0 droite) 242 all\u00e9e de Provence ZA La Prato II, route de Carpentras 84210 Pernes Les Fontaines[&#8230;]<\/p>\n","protected":false},"author":1,"featured_media":0,"parent":0,"menu_order":0,"comment_status":"closed","ping_status":"closed","template":"","meta":{"footnotes":""},"class_list":["post-98","page","type-page","status-publish","hentry"],"_links":{"self":[{"href":"https:\/\/www.footsall.fr\/index.php\/wp-json\/wp\/v2\/pages\/98","targetHints":{"allow":["GET"]}}],"collection":[{"href":"https:\/\/www.footsall.fr\/index.php\/wp-json\/wp\/v2\/pages"}],"about":[{"href":"https:\/\/www.footsall.fr\/index.php\/wp-json\/wp\/v2\/types\/page"}],"author":[{"embeddable":true,"href":"https:\/\/www.footsall.fr\/index.php\/wp-json\/wp\/v2\/users\/1"}],"replies":[{"embeddable":true,"href":"https:\/\/www.footsall.fr\/index.php\/wp-json\/wp\/v2\/comments?post=98"}],"version-history":[{"count":19,"href":"https:\/\/www.footsall.fr\/index.php\/wp-json\/wp\/v2\/pages\/98\/revisions"}],"predecessor-version":[{"id":784,"href":"https:\/\/www.footsall.fr\/index.php\/wp-json\/wp\/v2\/pages\/98\/revisions\/784"}],"wp:attachment":[{"href":"https:\/\/www.footsall.fr\/index.php\/wp-json\/wp\/v2\/media?parent=98"}],"curies":[{"name":"wp","href":"https:\/\/api.w.org\/{rel}","templated":true}]}}