{"id":34,"date":"2017-07-10T18:03:54","date_gmt":"2017-07-10T16:03:54","guid":{"rendered":"http:\/\/footsall.fr\/?page_id=34"},"modified":"2025-03-13T08:05:38","modified_gmt":"2025-03-13T07:05:38","slug":"accueil","status":"publish","type":"page","link":"https:\/\/www.footsall.fr\/","title":{"rendered":"Accueil"},"content":{"rendered":"<p><img loading=\"lazy\" decoding=\"async\" class=\"alignnone wp-image-73\" src=\"http:\/\/footsall.fr\/wp-content\/uploads\/2017\/07\/futsal-768x511-300x200.jpg\" alt=\"\" width=\"410\" height=\"273\" srcset=\"https:\/\/www.footsall.fr\/wp-content\/uploads\/2017\/07\/futsal-768x511-300x200.jpg 300w, https:\/\/www.footsall.fr\/wp-content\/uploads\/2017\/07\/futsal-768x511.jpg 768w\" sizes=\"auto, (max-width: 410px) 100vw, 410px\" \/>\u00a0\u00a0\u00a0\u00a0\u00a0\u00a0\u00a0\u00a0\u00a0\u00a0\u00a0\u00a0\u00a0\u00a0\u00a0\u00a0 <img loading=\"lazy\" decoding=\"async\" class=\"alignnone wp-image-588 \" src=\"http:\/\/www.footsall.fr\/wp-content\/uploads\/2018\/09\/20180911_202818.jpg\" alt=\"\" width=\"490\" height=\"276\" srcset=\"https:\/\/www.footsall.fr\/wp-content\/uploads\/2018\/09\/20180911_202818.jpg 3264w, https:\/\/www.footsall.fr\/wp-content\/uploads\/2018\/09\/20180911_202818-300x169.jpg 300w, https:\/\/www.footsall.fr\/wp-content\/uploads\/2018\/09\/20180911_202818-768x432.jpg 768w, https:\/\/www.footsall.fr\/wp-content\/uploads\/2018\/09\/20180911_202818-1024x576.jpg 1024w, https:\/\/www.footsall.fr\/wp-content\/uploads\/2018\/09\/20180911_202818-370x208.jpg 370w, https:\/\/www.footsall.fr\/wp-content\/uploads\/2018\/09\/20180911_202818-1040x585.jpg 1040w\" sizes=\"auto, (max-width: 490px) 100vw, 490px\" \/><\/p>\n<div id='gallery-1' class='gallery galleryid-34 gallery-columns-3 gallery-size-large'><figure class='gallery-item'>\n\t\t\t<div class='gallery-icon portrait'>\n\t\t\t\t<a href='https:\/\/www.footsall.fr\/index.php\/contact\/accueil\/tables-bancs\/'><img loading=\"lazy\" decoding=\"async\" width=\"498\" height=\"1024\" src=\"https:\/\/www.footsall.fr\/wp-content\/uploads\/2022\/01\/tables-bancs-498x1024.jpg\" class=\"attachment-large size-large\" alt=\"\" srcset=\"https:\/\/www.footsall.fr\/wp-content\/uploads\/2022\/01\/tables-bancs-498x1024.jpg 498w, https:\/\/www.footsall.fr\/wp-content\/uploads\/2022\/01\/tables-bancs-146x300.jpg 146w, https:\/\/www.footsall.fr\/wp-content\/uploads\/2022\/01\/tables-bancs-768x1580.jpg 768w, https:\/\/www.footsall.fr\/wp-content\/uploads\/2022\/01\/tables-bancs-747x1536.jpg 747w, https:\/\/www.footsall.fr\/wp-content\/uploads\/2022\/01\/tables-bancs-996x2048.jpg 996w, https:\/\/www.footsall.fr\/wp-content\/uploads\/2022\/01\/tables-bancs-370x761.jpg 370w, https:\/\/www.footsall.fr\/wp-content\/uploads\/2022\/01\/tables-bancs-1040x2139.jpg 1040w, https:\/\/www.footsall.fr\/wp-content\/uploads\/2022\/01\/tables-bancs-scaled.jpg 1244w\" sizes=\"auto, (max-width: 498px) 100vw, 498px\" \/><\/a>\n\t\t\t<\/div><\/figure>\n\t\t<\/div>\n\n<h4 style=\"text-align: left;\"><strong>\u00a0FOOTSALL Carpentras Pernes c&rsquo;est :<\/strong><\/h4>\n<ul>\n<li><strong>1 terrain indoor 5&#215;5 de futsal d&rsquo;une surface de jeu de 500 m\u00b2, vestiaires et douches \u00e0 disposition, coin d\u00e9tente avec une ambiance sympa.<\/strong><\/li>\n<li><span style=\"color: #000000;\"><strong>1 terrain ext\u00e9rieur 5&#215;5, venez tester les parties en nocturne !!!<\/strong><\/span><\/li>\n<\/ul>\n<p><strong>sur nos terrains, pas de billes de pneus recycl\u00e9s qui sont nocives pour la sant\u00e9, notre gazon est de toute nouvelle g\u00e9n\u00e9ration. Venez faire du sport dans un environnement sain<\/strong><\/p>\n<ul>\n<li>Match de football entre amis<\/li>\n<li style=\"text-align: left;\">Tournois<\/li>\n<li style=\"text-align: left;\">Solutions entrainements clubs durant intemp\u00e9ries<\/li>\n<li style=\"text-align: left;\">anniversaires<\/li>\n<li>Boulodrome<\/li>\n<\/ul>\n","protected":false},"excerpt":{"rendered":"<p>\u00a0\u00a0\u00a0\u00a0\u00a0\u00a0\u00a0\u00a0\u00a0\u00a0\u00a0\u00a0\u00a0\u00a0\u00a0\u00a0 \u00a0FOOTSALL Carpentras Pernes c&rsquo;est : 1 terrain indoor 5&#215;5 de futsal d&rsquo;une surface de jeu de 500 m\u00b2, vestiaires et douches \u00e0 disposition, coin d\u00e9tente avec une ambiance sympa. 1 terrain ext\u00e9rieur 5&#215;5, venez[&#8230;]<\/p>\n","protected":false},"author":1,"featured_media":46,"parent":36,"menu_order":0,"comment_status":"closed","ping_status":"closed","template":"","meta":{"footnotes":""},"class_list":["post-34","page","type-page","status-publish","has-post-thumbnail","hentry"],"_links":{"self":[{"href":"https:\/\/www.footsall.fr\/index.php\/wp-json\/wp\/v2\/pages\/34","targetHints":{"allow":["GET"]}}],"collection":[{"href":"https:\/\/www.footsall.fr\/index.php\/wp-json\/wp\/v2\/pages"}],"about":[{"href":"https:\/\/www.footsall.fr\/index.php\/wp-json\/wp\/v2\/types\/page"}],"author":[{"embeddable":true,"href":"https:\/\/www.footsall.fr\/index.php\/wp-json\/wp\/v2\/users\/1"}],"replies":[{"embeddable":true,"href":"https:\/\/www.footsall.fr\/index.php\/wp-json\/wp\/v2\/comments?post=34"}],"version-history":[{"count":29,"href":"https:\/\/www.footsall.fr\/index.php\/wp-json\/wp\/v2\/pages\/34\/revisions"}],"predecessor-version":[{"id":787,"href":"https:\/\/www.footsall.fr\/index.php\/wp-json\/wp\/v2\/pages\/34\/revisions\/787"}],"up":[{"embeddable":true,"href":"https:\/\/www.footsall.fr\/index.php\/wp-json\/wp\/v2\/pages\/36"}],"wp:featuredmedia":[{"embeddable":true,"href":"https:\/\/www.footsall.fr\/index.php\/wp-json\/wp\/v2\/media\/46"}],"wp:attachment":[{"href":"https:\/\/www.footsall.fr\/index.php\/wp-json\/wp\/v2\/media?parent=34"}],"curies":[{"name":"wp","href":"https:\/\/api.w.org\/{rel}","templated":true}]}}